{"id":167,"date":"2025-02-07T16:47:19","date_gmt":"2025-02-07T16:47:19","guid":{"rendered":"https:\/\/www.incesa.ro\/?page_id=167"},"modified":"2025-03-07T14:58:24","modified_gmt":"2025-03-07T14:58:24","slug":"partners-and-projects","status":"publish","type":"page","link":"https:\/\/www.incesa.ro\/index.php\/partners-and-projects\/","title":{"rendered":"PARTNERS AND PROJECTS"},"content":{"rendered":"\n<div style=\"height:var(--wp--preset--spacing--small)\" aria-hidden=\"true\" class=\"wp-block-spacer\"><\/div>\n\n\n\n<div class=\"wp-block-columns is-layout-flex wp-container-core-columns-is-layout-28f84493 wp-block-columns-is-layout-flex\">\n<div class=\"wp-block-column animated fadeInUp is-layout-flow wp-block-column-is-layout-flow\">\n<div class=\"wp-block-group animated fadeInUp faster has-global-padding is-layout-constrained wp-block-group-is-layout-constrained\">\n<h3 class=\"wp-block-heading\"><strong>COLLABORATORS \/ PARTNERS<\/strong><\/h3>\n\n\n\n<p>&nbsp;<strong><em>1. UCV:<\/em><\/strong><\/p>\n\n\n\n<ul class=\"wp-block-list\">\n<li>CDI Center,<\/li>\n\n\n\n<li>Doctoral schools<\/li>\n\n\n\n<li>Faculties<\/li>\n<\/ul>\n<\/div>\n\n\n\n<div class=\"wp-block-group animated fadeInUp fast has-global-padding is-layout-constrained wp-block-group-is-layout-constrained\">\n<p><strong><em>2.&nbsp; University<\/em><\/strong><\/p>\n\n\n\n<ul class=\"wp-block-list\">\n<li>Babe\u0219-Bolyai University, Cluj-Napoca<\/li>\n\n\n\n<li>Polytechnic University of Bucharest<\/li>\n\n\n\n<li>University of Bucharest<\/li>\n\n\n\n<li>Technical University \u201e Gheorghe Asachi \u201d, Ia\u0219i<\/li>\n\n\n\n<li>Academy of Economic Studies, Bucharest<\/li>\n\n\n\n<li>Polytechnic University of Timisoara<\/li>\n\n\n\n<li>Technical University of Cluj<\/li>\n\n\n\n<li>Constantin Br\u00e2ncu\u0219i University, Jiu Fair<\/li>\n\n\n\n<li>UMF Craiova<\/li>\n<\/ul>\n<\/div>\n\n\n\n<div class=\"wp-block-group animated fadeInUp has-global-padding is-layout-constrained wp-block-group-is-layout-constrained\">\n<p><strong><em>3.&nbsp;&nbsp; RDI Institute<\/em><\/strong><\/p>\n\n\n\n<ul class=\"wp-block-list\">\n<li>ICMET<\/li>\n\n\n\n<li>ICSI V\u00c2LCEA<\/li>\n\n\n\n<li>National Institute for Research &#8211; Development in Informatics ICI Bucharest<\/li>\n\n\n\n<li>Institute of Energy Studies and Designs in Bucharest<\/li>\n\n\n\n<li>Research Center \u2013 Development for Plant Culture on D\u0103buleni Sands<\/li>\n\n\n\n<li>Craiova City Hall<\/li>\n<\/ul>\n<\/div>\n\n\n\n<div class=\"wp-block-group animated fadeInUp has-global-padding is-layout-constrained wp-block-group-is-layout-constrained\">\n<p><strong><em>4. Local Authorities:<\/em><\/strong><\/p>\n\n\n\n<ul class=\"wp-block-list\">\n<li>City Halls: Craiova, Severin, Slatina, T\u00e2rgu-Jiu, R\u00e2mnicu V\u00e2lcea;<\/li>\n\n\n\n<li>County Councils: Dolj, Olt V\u00e2lcea, Gorj, Mehedin\u021bi;<\/li>\n\n\n\n<li>Dolj Prefecture.<\/li>\n<\/ul>\n<\/div>\n<\/div>\n\n\n\n<div class=\"wp-block-column animated fadeInUp delay-100ms is-layout-flow wp-container-core-column-is-layout-b108c007 wp-block-column-is-layout-flow\" style=\"padding-right:0;padding-left:0\">\n<h3 class=\"wp-block-heading\"><strong>BENEFICIARIES<\/strong><\/h3>\n\n\n\n<div style=\"height:var(--wp--preset--spacing--x-small)\" aria-hidden=\"true\" class=\"wp-block-spacer\"><\/div>\n\n\n\n<ul class=\"wp-block-list\">\n<li>Pirelli Tyres Romania<\/li>\n\n\n\n<li>Banca Comerciala Romana<\/li>\n\n\n\n<li>BRD Groupe Societe Generale<\/li>\n\n\n\n<li>Junior Achievement Romania<\/li>\n\n\n\n<li>Cummins Generator Technologies Romania<\/li>\n\n\n\n<li>Ford Otosan Romania<\/li>\n\n\n\n<li>ADIENT Automotive Rom\u00e2nia, Craiova Branch<\/li>\n\n\n\n<li>Faurecia Romania<\/li>\n\n\n\n<li>KAUTEX CRAIOVA<\/li>\n\n\n\n<li>IPA Craiova<\/li>\n\n\n\n<li>Hella Romania &#8211; R&amp;D Craiova<\/li>\n\n\n\n<li>UBISOFT Craiova<\/li>\n\n\n\n<li>POPECI UTILAJ GREAU<\/li>\n\n\n\n<li>RELOC<\/li>\n\n\n\n<li>Prysmian Group, Cables and Systems<\/li>\n\n\n\n<li>Bekaert Slatina<\/li>\n\n\n\n<li>PRIMASERV<\/li>\n\n\n\n<li>Auchan Romania<\/li>\n\n\n\n<li>OMVPetrom<\/li>\n\n\n\n<li>ALM POWER GROUP<\/li>\n\n\n\n<li>Casa Noastra<\/li>\n\n\n\n<li>Southwest Regional Development Agency Oltenia<\/li>\n\n\n\n<li>A.J.O.F.M.<\/li>\n\n\n\n<li>School of Values<\/li>\n\n\n\n<li>Magna Exterior Craiova<\/li>\n\n\n\n<li>CLARIANT PRODUCT<\/li>\n\n\n\n<li>Continental Automotive Systems<\/li>\n\n\n\n<li>National Salt Company \u2013 SEM V\u00c2LCEA<\/li>\n\n\n\n<li>ELTRAC INDA<\/li>\n\n\n\n<li>INDA CRAIOVA<\/li>\n\n\n\n<li>INAS<\/li>\n\n\n\n<li>SOFTTRONIC<\/li>\n\n\n\n<li>ETI EUROPEAN FOOD INDUSTRIES<\/li>\n\n\n\n<li>CS Romania<\/li>\n\n\n\n<li>SPIACT Craiova<\/li>\n\n\n\n<li>GSG, Oltenia Region<\/li>\n\n\n\n<li>Energy distribution Oltenia<\/li>\n\n\n\n<li>Vimetco Extrusion<\/li>\n\n\n\n<li>Gestamp Beycelik Romania<\/li>\n\n\n\n<li>Netrom Software<\/li>\n\n\n\n<li>Craiova planes<\/li>\n\n\n\n<li>AEROSTAR<\/li>\n\n\n\n<li>National Theater Marin Sorescu, Craiova<\/li>\n\n\n\n<li>General Directorate of Social Assistance and Child Protection Craiova<\/li>\n\n\n\n<li>CISCO Systems Romania<\/li>\n<\/ul>\n<\/div>\n<\/div>\n\n\n\n<div style=\"height:100px\" aria-hidden=\"true\" class=\"wp-block-spacer\"><\/div>\n","protected":false},"excerpt":{"rendered":"<p>COLLABORATORS \/ PARTNERS &nbsp;1. UCV: 2.&nbsp; University 3.&nbsp;&nbsp; RDI Institute 4. Local Authorities: BENEFICIARIES<\/p>\n","protected":false},"author":1,"featured_media":21,"parent":0,"menu_order":0,"comment_status":"closed","ping_status":"closed","template":"","meta":{"footnotes":""},"class_list":["post-167","page","type-page","status-publish","has-post-thumbnail","hentry"],"_links":{"self":[{"href":"https:\/\/www.incesa.ro\/index.php\/wp-json\/wp\/v2\/pages\/167","targetHints":{"allow":["GET"]}}],"collection":[{"href":"https:\/\/www.incesa.ro\/index.php\/wp-json\/wp\/v2\/pages"}],"about":[{"href":"https:\/\/www.incesa.ro\/index.php\/wp-json\/wp\/v2\/types\/page"}],"author":[{"embeddable":true,"href":"https:\/\/www.incesa.ro\/index.php\/wp-json\/wp\/v2\/users\/1"}],"replies":[{"embeddable":true,"href":"https:\/\/www.incesa.ro\/index.php\/wp-json\/wp\/v2\/comments?post=167"}],"version-history":[{"count":8,"href":"https:\/\/www.incesa.ro\/index.php\/wp-json\/wp\/v2\/pages\/167\/revisions"}],"predecessor-version":[{"id":677,"href":"https:\/\/www.incesa.ro\/index.php\/wp-json\/wp\/v2\/pages\/167\/revisions\/677"}],"wp:featuredmedia":[{"embeddable":true,"href":"https:\/\/www.incesa.ro\/index.php\/wp-json\/wp\/v2\/media\/21"}],"wp:attachment":[{"href":"https:\/\/www.incesa.ro\/index.php\/wp-json\/wp\/v2\/media?parent=167"}],"curies":[{"name":"wp","href":"https:\/\/api.w.org\/{rel}","templated":true}]}}